{"id":6506,"date":"2021-06-16T15:26:16","date_gmt":"2021-06-16T14:26:16","guid":{"rendered":"https:\/\/www.fattoriamose.com\/spedizioni-e-resi\/"},"modified":"2022-02-09T16:40:19","modified_gmt":"2022-02-09T16:40:19","slug":"diritto-di-recesso","status":"publish","type":"page","link":"https:\/\/www.fattoriamose.com\/it\/diritto-di-recesso\/","title":{"rendered":"Diritto di recesso"},"content":{"rendered":"\t\t<div data-elementor-type=\"wp-page\" data-elementor-id=\"6506\" class=\"elementor elementor-6506 elementor-4851\">\n\t\t\t\t\t\t\t\t\t<section class=\"elementor-section elementor-top-section elementor-element elementor-element-4441edd elementor-section-boxed elementor-section-height-default elementor-section-height-default qodef-elementor-content-no\" data-id=\"4441edd\" data-element_type=\"section\">\n\t\t\t\t\t\t<div class=\"elementor-container elementor-column-gap-default\">\n\t\t\t\t\t<div class=\"elementor-column elementor-col-100 elementor-top-column elementor-element elementor-element-bf12a25\" data-id=\"bf12a25\" data-element_type=\"column\">\n\t\t\t<div class=\"elementor-widget-wrap elementor-element-populated\">\n\t\t\t\t\t\t\t\t<div class=\"elementor-element elementor-element-145cdbd elementor-widget elementor-widget-text-editor\" data-id=\"145cdbd\" data-element_type=\"widget\" data-widget_type=\"text-editor.default\">\n\t\t\t\t<div class=\"elementor-widget-container\">\n\t\t\t\t\t\t\t<p>Il cliente ha diritto di recedere dal contratto senza penalit\u00e0 e senza doverne fornire motivazione entro 14 giorni lavorativi dal ricevimento dei prodotti.<br \/>Il diritto di recesso \u00e8 subordinato alla sussistenza delle seguenti condizioni:<\/p><ul><li>I prodotti non devono essere stati utilizzati o aperti e non devono presentare segni di usura, abrasioni, scalfiture o graffi.<\/li><li>L\u2019etichetta non deve essere separata o rimossa dall\u2019oggetto.<\/li><li>I prodotti devono essere resi nelle confezioni originali.<\/li><\/ul>\t\t\t\t\t\t<\/div>\n\t\t\t\t<\/div>\n\t\t\t\t<div class=\"elementor-element elementor-element-712288b elementor-widget elementor-widget-heading\" data-id=\"712288b\" data-element_type=\"widget\" data-widget_type=\"heading.default\">\n\t\t\t\t<div class=\"elementor-widget-container\">\n\t\t\t<h2 class=\"elementor-heading-title elementor-size-large\">Modalit\u00e0 per l\u2019esercizio del diritto di recesso<\/h2>\t\t<\/div>\n\t\t\t\t<\/div>\n\t\t\t\t<div class=\"elementor-element elementor-element-4fb234a elementor-widget elementor-widget-text-editor\" data-id=\"4fb234a\" data-element_type=\"widget\" data-widget_type=\"text-editor.default\">\n\t\t\t\t<div class=\"elementor-widget-container\">\n\t\t\t\t\t\t\t<p>Per ottenere il recesso il cliente dovr\u00e0 comunicare a mezzo Raccomadata AR entro il termine di 14 giorni lavorativi dal ricevimento del pacco la propria intenzione di recedere dall\u2019acquisto. Tale comunicazione potr\u00e0 essere anticipata anche via posta elettronica a <a href=\"mailto:info@fattoriamose.com\">info@fattoriamose.com<\/a> purch\u00e8 confermata con Raccomandata AR entro 48 ore. (D.lgs. 205\/06)<br \/>Agriturismo Fattoria Mos\u00e8 provveder\u00e0 ad informare il cliente via email circa l\u2019avvenuta accettazione della richiesta di reso e lo autorizzer\u00e0 ad inviare il pacco contenente la merce oggetto del reso a:<\/p><p>Azienda Agricola Fattoiria Mos\u00e8 Via Mattia Pascal n.4(B 92100 Agrigento<\/p><p>La merce oggetto del recesso viaggia a rischio e spese del mittente il quale \u00e8 pertanto consigliato di inviare la merce tramite spedizione assicurata.<\/p><ul><li>Agriturismo Fattoria Mos\u00e8 non risponde di eventuali smarrimenti o furti di merce inviatagli.<br \/>Il rimborso delle somme versate avverr\u00e0 nel minor tempo possibile e comunque non oltre 30 giorni dal ricevimento della comunicazione di recesso.<\/li><li>Il cliente ha diritto di recesso senza alcuna penalit\u00e0, le uniche spese a suo carico sono quelle relative alla restituzione del prodotto.<\/li><li>Agriturismo Fattoria Mos\u00e8 si riserva il diritto di rifiutare resi di merce che presenti in tutto o in parte evidenti segni che la medesima sia stata indossata, usata o comunque danneggiata e\/o alterata.<\/li><li>Agriturismo Fattoria Mos\u00e8 provveder\u00e0 al riaccredito delle somme pagate dal cliente con esclusione delle spese di spedizione a suo tempo sostenute attraverso lo stesso mezzo utilizzato per il pagamento dell\u2019ordine originario entro 15 giorni lavorativi dal ricevimento del reso.<\/li><\/ul>\t\t\t\t\t\t<\/div>\n\t\t\t\t<\/div>\n\t\t\t\t<div class=\"elementor-element elementor-element-8efbe9c elementor-widget elementor-widget-heading\" data-id=\"8efbe9c\" data-element_type=\"widget\" data-widget_type=\"heading.default\">\n\t\t\t\t<div class=\"elementor-widget-container\">\n\t\t\t<h3 class=\"elementor-heading-title elementor-size-medium\">Note importanti:<\/h3>\t\t<\/div>\n\t\t\t\t<\/div>\n\t\t\t\t<div class=\"elementor-element elementor-element-1a5c5ec elementor-widget elementor-widget-text-editor\" data-id=\"1a5c5ec\" data-element_type=\"widget\" data-widget_type=\"text-editor.default\">\n\t\t\t\t<div class=\"elementor-widget-container\">\n\t\t\t\t\t\t\t<p>Le spese assicurative e quelle relative al trasporto dell\u2019oggetto reso sono a totale carico del cliente. Qualora il cliente ometta di assicurare l\u2019oggetto reso durante il trasporto resta il solo ed unico responsabile in caso di smarrimento o furto dello stesso.<br \/>Per oggetti di importo superiore a \u20ac150 il cliente \u00e8 tenuto a concordare anche via email con Agriturismo Fattoria Mos\u00e8 l\u2019invio di un corriere di fiducia il quale provveder\u00e0 al ritiro della merce oggetto del reso previo accordo con il cliente. In tal caso le spese assicurative e di trasporto rimangono a carico del cliente.<\/p>\t\t\t\t\t\t<\/div>\n\t\t\t\t<\/div>\n\t\t\t\t\t<\/div>\n\t\t<\/div>\n\t\t\t\t\t\t\t<\/div>\n\t\t<\/section>\n\t\t\t\t\t\t\t<\/div>\n\t\t","protected":false},"excerpt":{"rendered":"<p>Il cliente ha diritto di recedere dal contratto senza penalit\u00e0 e senza doverne fornire motivazione entro 14 giorni lavorativi dal ricevimento dei prodotti.Il diritto di recesso \u00e8 subordinato alla sussistenza [&hellip;]<\/p>\n","protected":false},"author":1,"featured_media":0,"parent":0,"menu_order":0,"comment_status":"closed","ping_status":"closed","template":"","meta":{"footnotes":""},"class_list":["post-6506","page","type-page","status-publish","hentry"],"yoast_head":"<!-- This site is optimized with the Yoast SEO plugin v21.7 - https:\/\/yoast.com\/wordpress\/plugins\/seo\/ -->\n<title>Diritto di recesso - Fattoria Mos\u00e8<\/title>\n<meta name=\"robots\" content=\"index, follow, max-snippet:-1, max-image-preview:large, max-video-preview:-1\" \/>\n<link rel=\"canonical\" href=\"https:\/\/www.fattoriamose.com\/it\/diritto-di-recesso\/\" \/>\n<meta property=\"og:locale\" content=\"it_IT\" \/>\n<meta property=\"og:type\" content=\"article\" \/>\n<meta property=\"og:title\" content=\"Diritto di recesso - Fattoria Mos\u00e8\" \/>\n<meta property=\"og:description\" content=\"Il cliente ha diritto di recedere dal contratto senza penalit\u00e0 e senza doverne fornire motivazione entro 14 giorni lavorativi dal ricevimento dei prodotti.Il diritto di recesso \u00e8 subordinato alla sussistenza [&hellip;]\" \/>\n<meta property=\"og:url\" content=\"https:\/\/www.fattoriamose.com\/it\/diritto-di-recesso\/\" \/>\n<meta property=\"og:site_name\" content=\"Fattoria Mos\u00e8\" \/>\n<meta property=\"article:publisher\" content=\"https:\/\/en-gb.facebook.com\/FattoriaMoseAgriturismo\/\" \/>\n<meta property=\"article:modified_time\" content=\"2022-02-09T16:40:19+00:00\" \/>\n<meta property=\"og:image\" content=\"https:\/\/www.fattoriamose.com\/wp-content\/uploads\/2021\/06\/fattoria_mose_sicily01.jpg\" \/>\n\t<meta property=\"og:image:width\" content=\"1920\" \/>\n\t<meta property=\"og:image:height\" content=\"1080\" \/>\n\t<meta property=\"og:image:type\" content=\"image\/jpeg\" \/>\n<meta name=\"twitter:card\" content=\"summary_large_image\" \/>\n<meta name=\"twitter:label1\" content=\"Tempo di lettura stimato\" \/>\n\t<meta name=\"twitter:data1\" content=\"3 minuti\" \/>\n<script type=\"application\/ld+json\" class=\"yoast-schema-graph\">{\"@context\":\"https:\/\/schema.org\",\"@graph\":[{\"@type\":\"WebPage\",\"@id\":\"https:\/\/www.fattoriamose.com\/it\/diritto-di-recesso\/\",\"url\":\"https:\/\/www.fattoriamose.com\/it\/diritto-di-recesso\/\",\"name\":\"Diritto di recesso - Fattoria Mos\u00e8\",\"isPartOf\":{\"@id\":\"https:\/\/www.fattoriamose.com\/it\/#website\"},\"datePublished\":\"2021-06-16T14:26:16+00:00\",\"dateModified\":\"2022-02-09T16:40:19+00:00\",\"breadcrumb\":{\"@id\":\"https:\/\/www.fattoriamose.com\/it\/diritto-di-recesso\/#breadcrumb\"},\"inLanguage\":\"it-IT\",\"potentialAction\":[{\"@type\":\"ReadAction\",\"target\":[\"https:\/\/www.fattoriamose.com\/it\/diritto-di-recesso\/\"]}]},{\"@type\":\"BreadcrumbList\",\"@id\":\"https:\/\/www.fattoriamose.com\/it\/diritto-di-recesso\/#breadcrumb\",\"itemListElement\":[{\"@type\":\"ListItem\",\"position\":1,\"name\":\"Home\",\"item\":\"https:\/\/www.fattoriamose.com\/it\/\"},{\"@type\":\"ListItem\",\"position\":2,\"name\":\"Diritto di recesso\"}]},{\"@type\":\"WebSite\",\"@id\":\"https:\/\/www.fattoriamose.com\/it\/#website\",\"url\":\"https:\/\/www.fattoriamose.com\/it\/\",\"name\":\"Fattoria Mos\u00e8\",\"description\":\"Un agriturismo biologico vicino ad Agrigento Valle dei Templi in Sicilia\",\"publisher\":{\"@id\":\"https:\/\/www.fattoriamose.com\/it\/#organization\"},\"potentialAction\":[{\"@type\":\"SearchAction\",\"target\":{\"@type\":\"EntryPoint\",\"urlTemplate\":\"https:\/\/www.fattoriamose.com\/it\/?s={search_term_string}\"},\"query-input\":\"required name=search_term_string\"}],\"inLanguage\":\"it-IT\"},{\"@type\":\"Organization\",\"@id\":\"https:\/\/www.fattoriamose.com\/it\/#organization\",\"name\":\"Fattoria Mos\u00e8\",\"url\":\"https:\/\/www.fattoriamose.com\/it\/\",\"logo\":{\"@type\":\"ImageObject\",\"inLanguage\":\"it-IT\",\"@id\":\"https:\/\/www.fattoriamose.com\/it\/#\/schema\/logo\/image\/\",\"url\":\"https:\/\/www.fattoriamose.com\/wp-content\/uploads\/2021\/06\/Fattoria_Mose_logo.png\",\"contentUrl\":\"https:\/\/www.fattoriamose.com\/wp-content\/uploads\/2021\/06\/Fattoria_Mose_logo.png\",\"width\":200,\"height\":50,\"caption\":\"Fattoria Mos\u00e8\"},\"image\":{\"@id\":\"https:\/\/www.fattoriamose.com\/it\/#\/schema\/logo\/image\/\"},\"sameAs\":[\"https:\/\/en-gb.facebook.com\/FattoriaMoseAgriturismo\/\"]}]}<\/script>\n<!-- \/ Yoast SEO plugin. -->","yoast_head_json":{"title":"Diritto di recesso - Fattoria Mos\u00e8","robots":{"index":"index","follow":"follow","max-snippet":"max-snippet:-1","max-image-preview":"max-image-preview:large","max-video-preview":"max-video-preview:-1"},"canonical":"https:\/\/www.fattoriamose.com\/it\/diritto-di-recesso\/","og_locale":"it_IT","og_type":"article","og_title":"Diritto di recesso - Fattoria Mos\u00e8","og_description":"Il cliente ha diritto di recedere dal contratto senza penalit\u00e0 e senza doverne fornire motivazione entro 14 giorni lavorativi dal ricevimento dei prodotti.Il diritto di recesso \u00e8 subordinato alla sussistenza [&hellip;]","og_url":"https:\/\/www.fattoriamose.com\/it\/diritto-di-recesso\/","og_site_name":"Fattoria Mos\u00e8","article_publisher":"https:\/\/en-gb.facebook.com\/FattoriaMoseAgriturismo\/","article_modified_time":"2022-02-09T16:40:19+00:00","og_image":[{"width":1920,"height":1080,"url":"https:\/\/www.fattoriamose.com\/wp-content\/uploads\/2021\/06\/fattoria_mose_sicily01.jpg","type":"image\/jpeg"}],"twitter_card":"summary_large_image","twitter_misc":{"Tempo di lettura stimato":"3 minuti"},"schema":{"@context":"https:\/\/schema.org","@graph":[{"@type":"WebPage","@id":"https:\/\/www.fattoriamose.com\/it\/diritto-di-recesso\/","url":"https:\/\/www.fattoriamose.com\/it\/diritto-di-recesso\/","name":"Diritto di recesso - Fattoria Mos\u00e8","isPartOf":{"@id":"https:\/\/www.fattoriamose.com\/it\/#website"},"datePublished":"2021-06-16T14:26:16+00:00","dateModified":"2022-02-09T16:40:19+00:00","breadcrumb":{"@id":"https:\/\/www.fattoriamose.com\/it\/diritto-di-recesso\/#breadcrumb"},"inLanguage":"it-IT","potentialAction":[{"@type":"ReadAction","target":["https:\/\/www.fattoriamose.com\/it\/diritto-di-recesso\/"]}]},{"@type":"BreadcrumbList","@id":"https:\/\/www.fattoriamose.com\/it\/diritto-di-recesso\/#breadcrumb","itemListElement":[{"@type":"ListItem","position":1,"name":"Home","item":"https:\/\/www.fattoriamose.com\/it\/"},{"@type":"ListItem","position":2,"name":"Diritto di recesso"}]},{"@type":"WebSite","@id":"https:\/\/www.fattoriamose.com\/it\/#website","url":"https:\/\/www.fattoriamose.com\/it\/","name":"Fattoria Mos\u00e8","description":"Un agriturismo biologico vicino ad Agrigento Valle dei Templi in Sicilia","publisher":{"@id":"https:\/\/www.fattoriamose.com\/it\/#organization"},"potentialAction":[{"@type":"SearchAction","target":{"@type":"EntryPoint","urlTemplate":"https:\/\/www.fattoriamose.com\/it\/?s={search_term_string}"},"query-input":"required name=search_term_string"}],"inLanguage":"it-IT"},{"@type":"Organization","@id":"https:\/\/www.fattoriamose.com\/it\/#organization","name":"Fattoria Mos\u00e8","url":"https:\/\/www.fattoriamose.com\/it\/","logo":{"@type":"ImageObject","inLanguage":"it-IT","@id":"https:\/\/www.fattoriamose.com\/it\/#\/schema\/logo\/image\/","url":"https:\/\/www.fattoriamose.com\/wp-content\/uploads\/2021\/06\/Fattoria_Mose_logo.png","contentUrl":"https:\/\/www.fattoriamose.com\/wp-content\/uploads\/2021\/06\/Fattoria_Mose_logo.png","width":200,"height":50,"caption":"Fattoria Mos\u00e8"},"image":{"@id":"https:\/\/www.fattoriamose.com\/it\/#\/schema\/logo\/image\/"},"sameAs":["https:\/\/en-gb.facebook.com\/FattoriaMoseAgriturismo\/"]}]}},"_links":{"self":[{"href":"https:\/\/www.fattoriamose.com\/it\/wp-json\/wp\/v2\/pages\/6506","targetHints":{"allow":["GET"]}}],"collection":[{"href":"https:\/\/www.fattoriamose.com\/it\/wp-json\/wp\/v2\/pages"}],"about":[{"href":"https:\/\/www.fattoriamose.com\/it\/wp-json\/wp\/v2\/types\/page"}],"author":[{"embeddable":true,"href":"https:\/\/www.fattoriamose.com\/it\/wp-json\/wp\/v2\/users\/1"}],"replies":[{"embeddable":true,"href":"https:\/\/www.fattoriamose.com\/it\/wp-json\/wp\/v2\/comments?post=6506"}],"version-history":[{"count":18,"href":"https:\/\/www.fattoriamose.com\/it\/wp-json\/wp\/v2\/pages\/6506\/revisions"}],"predecessor-version":[{"id":6888,"href":"https:\/\/www.fattoriamose.com\/it\/wp-json\/wp\/v2\/pages\/6506\/revisions\/6888"}],"wp:attachment":[{"href":"https:\/\/www.fattoriamose.com\/it\/wp-json\/wp\/v2\/media?parent=6506"}],"curies":[{"name":"wp","href":"https:\/\/api.w.org\/{rel}","templated":true}]}}