{"id":6157,"date":"2022-01-06T14:34:01","date_gmt":"2022-01-06T14:34:01","guid":{"rendered":"https:\/\/www.fattoriamose.com\/shop\/olio-doliva-bio\/"},"modified":"2022-02-27T18:32:48","modified_gmt":"2022-02-27T18:32:48","slug":"olio-extra-vergine-di-oliva","status":"publish","type":"product","link":"https:\/\/www.fattoriamose.com\/it\/product\/olio-extra-vergine-di-oliva\/","title":{"rendered":"Olio extra vergine di oliva"},"content":{"rendered":"<p>Abbiamo circa 2000 alberi di olivo, un po\u2019 pi\u00f9 di un terzo dei quali ha pi\u00f9 di cento anni. Alcuni sono vicini ai mille e uno \u00e8 stato identificato come un albero di circa 1400 anni. La produzione totale varia tra i 6000 e i 2000 litri per anno. Le principali variet\u00e0 delle olive sono Biancolilla, Giarraffa, Nocellara e antica Ogliara . Tutta l\u2019azienda \u00e8 in agricoltura biologica e l\u2019oliveto non \u00e8 irrigato. La raccolta avviene in Ottobre e l\u2019olio \u00e8 spremuto a freddo e non filtrato. L&#8217;olio \u00e8 verde con una nota finale pepata. Ideale per condire e per cucinare.<\/p>\n","protected":false},"excerpt":{"rendered":"<p>Tutta l\u2019azienda \u00e8 in agricoltura biologica e l\u2019oliveto non \u00e8 irrigato. La raccolta avviene in Ottobre e l\u2019olio \u00e8 spremuto a freddo e non filtrato. L&#8217;olio \u00e8 verde con una nota finale pepata. Ideale per condire e cucinare.<\/p>\n","protected":false},"featured_media":6083,"template":"","meta":[],"product_cat":[123],"product_tag":[],"class_list":{"0":"post-6157","1":"product","2":"type-product","3":"status-publish","4":"has-post-thumbnail","6":"product_cat-olio","8":"first","9":"instock","10":"shipping-taxable","11":"purchasable","12":"product-type-variable"},"yoast_head":"<!-- This site is optimized with the Yoast SEO plugin v21.7 - https:\/\/yoast.com\/wordpress\/plugins\/seo\/ -->\n<title>Olio extra vergine di oliva - Fattoria Mos\u00e8<\/title>\n<meta name=\"robots\" content=\"index, follow, max-snippet:-1, max-image-preview:large, max-video-preview:-1\" \/>\n<link rel=\"canonical\" href=\"https:\/\/www.fattoriamose.com\/it\/product\/olio-extra-vergine-di-oliva\/\" \/>\n<meta property=\"og:locale\" content=\"it_IT\" \/>\n<meta property=\"og:type\" content=\"article\" \/>\n<meta property=\"og:title\" content=\"Olio extra vergine di oliva - Fattoria Mos\u00e8\" \/>\n<meta property=\"og:description\" content=\"Tutta l\u2019azienda \u00e8 in agricoltura biologica e l\u2019oliveto non \u00e8 irrigato. La raccolta avviene in Ottobre e l\u2019olio \u00e8 spremuto a freddo e non filtrato. L&#039;olio \u00e8 verde con una nota finale pepata. Ideale per condire e cucinare.\" \/>\n<meta property=\"og:url\" content=\"https:\/\/www.fattoriamose.com\/it\/product\/olio-extra-vergine-di-oliva\/\" \/>\n<meta property=\"og:site_name\" content=\"Fattoria Mos\u00e8\" \/>\n<meta property=\"article:publisher\" content=\"https:\/\/en-gb.facebook.com\/FattoriaMoseAgriturismo\/\" \/>\n<meta property=\"article:modified_time\" content=\"2022-02-27T18:32:48+00:00\" \/>\n<meta property=\"og:image\" content=\"https:\/\/www.fattoriamose.com\/wp-content\/uploads\/2021\/06\/500ml_organic_italian_olive_oil.jpg\" \/>\n\t<meta property=\"og:image:width\" content=\"886\" \/>\n\t<meta property=\"og:image:height\" content=\"886\" \/>\n\t<meta property=\"og:image:type\" content=\"image\/jpeg\" \/>\n<meta name=\"twitter:card\" content=\"summary_large_image\" \/>\n<script type=\"application\/ld+json\" class=\"yoast-schema-graph\">{\"@context\":\"https:\/\/schema.org\",\"@graph\":[{\"@type\":\"WebPage\",\"@id\":\"https:\/\/www.fattoriamose.com\/it\/product\/olio-extra-vergine-di-oliva\/\",\"url\":\"https:\/\/www.fattoriamose.com\/it\/product\/olio-extra-vergine-di-oliva\/\",\"name\":\"Olio extra vergine di oliva - Fattoria Mos\u00e8\",\"isPartOf\":{\"@id\":\"https:\/\/www.fattoriamose.com\/it\/#website\"},\"datePublished\":\"2022-01-06T14:34:01+00:00\",\"dateModified\":\"2022-02-27T18:32:48+00:00\",\"breadcrumb\":{\"@id\":\"https:\/\/www.fattoriamose.com\/it\/product\/olio-extra-vergine-di-oliva\/#breadcrumb\"},\"inLanguage\":\"it-IT\",\"potentialAction\":[{\"@type\":\"ReadAction\",\"target\":[\"https:\/\/www.fattoriamose.com\/it\/product\/olio-extra-vergine-di-oliva\/\"]}]},{\"@type\":\"BreadcrumbList\",\"@id\":\"https:\/\/www.fattoriamose.com\/it\/product\/olio-extra-vergine-di-oliva\/#breadcrumb\",\"itemListElement\":[{\"@type\":\"ListItem\",\"position\":1,\"name\":\"Home\",\"item\":\"https:\/\/www.fattoriamose.com\/it\/\"},{\"@type\":\"ListItem\",\"position\":2,\"name\":\"Negozio\",\"item\":\"https:\/\/www.fattoriamose.com\/it\/negozio\/\"},{\"@type\":\"ListItem\",\"position\":3,\"name\":\"Olio extra vergine di oliva\"}]},{\"@type\":\"WebSite\",\"@id\":\"https:\/\/www.fattoriamose.com\/it\/#website\",\"url\":\"https:\/\/www.fattoriamose.com\/it\/\",\"name\":\"Fattoria Mos\u00e8\",\"description\":\"Un agriturismo biologico vicino ad Agrigento Valle dei Templi in Sicilia\",\"publisher\":{\"@id\":\"https:\/\/www.fattoriamose.com\/it\/#organization\"},\"potentialAction\":[{\"@type\":\"SearchAction\",\"target\":{\"@type\":\"EntryPoint\",\"urlTemplate\":\"https:\/\/www.fattoriamose.com\/it\/?s={search_term_string}\"},\"query-input\":\"required name=search_term_string\"}],\"inLanguage\":\"it-IT\"},{\"@type\":\"Organization\",\"@id\":\"https:\/\/www.fattoriamose.com\/it\/#organization\",\"name\":\"Fattoria Mos\u00e8\",\"url\":\"https:\/\/www.fattoriamose.com\/it\/\",\"logo\":{\"@type\":\"ImageObject\",\"inLanguage\":\"it-IT\",\"@id\":\"https:\/\/www.fattoriamose.com\/it\/#\/schema\/logo\/image\/\",\"url\":\"https:\/\/www.fattoriamose.com\/wp-content\/uploads\/2021\/06\/Fattoria_Mose_logo.png\",\"contentUrl\":\"https:\/\/www.fattoriamose.com\/wp-content\/uploads\/2021\/06\/Fattoria_Mose_logo.png\",\"width\":200,\"height\":50,\"caption\":\"Fattoria Mos\u00e8\"},\"image\":{\"@id\":\"https:\/\/www.fattoriamose.com\/it\/#\/schema\/logo\/image\/\"},\"sameAs\":[\"https:\/\/en-gb.facebook.com\/FattoriaMoseAgriturismo\/\"]}]}<\/script>\n<!-- \/ Yoast SEO plugin. -->","yoast_head_json":{"title":"Olio extra vergine di oliva - Fattoria Mos\u00e8","robots":{"index":"index","follow":"follow","max-snippet":"max-snippet:-1","max-image-preview":"max-image-preview:large","max-video-preview":"max-video-preview:-1"},"canonical":"https:\/\/www.fattoriamose.com\/it\/product\/olio-extra-vergine-di-oliva\/","og_locale":"it_IT","og_type":"article","og_title":"Olio extra vergine di oliva - Fattoria Mos\u00e8","og_description":"Tutta l\u2019azienda \u00e8 in agricoltura biologica e l\u2019oliveto non \u00e8 irrigato. La raccolta avviene in Ottobre e l\u2019olio \u00e8 spremuto a freddo e non filtrato. L'olio \u00e8 verde con una nota finale pepata. Ideale per condire e cucinare.","og_url":"https:\/\/www.fattoriamose.com\/it\/product\/olio-extra-vergine-di-oliva\/","og_site_name":"Fattoria Mos\u00e8","article_publisher":"https:\/\/en-gb.facebook.com\/FattoriaMoseAgriturismo\/","article_modified_time":"2022-02-27T18:32:48+00:00","og_image":[{"width":886,"height":886,"url":"https:\/\/www.fattoriamose.com\/wp-content\/uploads\/2021\/06\/500ml_organic_italian_olive_oil.jpg","type":"image\/jpeg"}],"twitter_card":"summary_large_image","schema":{"@context":"https:\/\/schema.org","@graph":[{"@type":"WebPage","@id":"https:\/\/www.fattoriamose.com\/it\/product\/olio-extra-vergine-di-oliva\/","url":"https:\/\/www.fattoriamose.com\/it\/product\/olio-extra-vergine-di-oliva\/","name":"Olio extra vergine di oliva - Fattoria Mos\u00e8","isPartOf":{"@id":"https:\/\/www.fattoriamose.com\/it\/#website"},"datePublished":"2022-01-06T14:34:01+00:00","dateModified":"2022-02-27T18:32:48+00:00","breadcrumb":{"@id":"https:\/\/www.fattoriamose.com\/it\/product\/olio-extra-vergine-di-oliva\/#breadcrumb"},"inLanguage":"it-IT","potentialAction":[{"@type":"ReadAction","target":["https:\/\/www.fattoriamose.com\/it\/product\/olio-extra-vergine-di-oliva\/"]}]},{"@type":"BreadcrumbList","@id":"https:\/\/www.fattoriamose.com\/it\/product\/olio-extra-vergine-di-oliva\/#breadcrumb","itemListElement":[{"@type":"ListItem","position":1,"name":"Home","item":"https:\/\/www.fattoriamose.com\/it\/"},{"@type":"ListItem","position":2,"name":"Negozio","item":"https:\/\/www.fattoriamose.com\/it\/negozio\/"},{"@type":"ListItem","position":3,"name":"Olio extra vergine di oliva"}]},{"@type":"WebSite","@id":"https:\/\/www.fattoriamose.com\/it\/#website","url":"https:\/\/www.fattoriamose.com\/it\/","name":"Fattoria Mos\u00e8","description":"Un agriturismo biologico vicino ad Agrigento Valle dei Templi in Sicilia","publisher":{"@id":"https:\/\/www.fattoriamose.com\/it\/#organization"},"potentialAction":[{"@type":"SearchAction","target":{"@type":"EntryPoint","urlTemplate":"https:\/\/www.fattoriamose.com\/it\/?s={search_term_string}"},"query-input":"required name=search_term_string"}],"inLanguage":"it-IT"},{"@type":"Organization","@id":"https:\/\/www.fattoriamose.com\/it\/#organization","name":"Fattoria Mos\u00e8","url":"https:\/\/www.fattoriamose.com\/it\/","logo":{"@type":"ImageObject","inLanguage":"it-IT","@id":"https:\/\/www.fattoriamose.com\/it\/#\/schema\/logo\/image\/","url":"https:\/\/www.fattoriamose.com\/wp-content\/uploads\/2021\/06\/Fattoria_Mose_logo.png","contentUrl":"https:\/\/www.fattoriamose.com\/wp-content\/uploads\/2021\/06\/Fattoria_Mose_logo.png","width":200,"height":50,"caption":"Fattoria Mos\u00e8"},"image":{"@id":"https:\/\/www.fattoriamose.com\/it\/#\/schema\/logo\/image\/"},"sameAs":["https:\/\/en-gb.facebook.com\/FattoriaMoseAgriturismo\/"]}]}},"_links":{"self":[{"href":"https:\/\/www.fattoriamose.com\/it\/wp-json\/wp\/v2\/product\/6157","targetHints":{"allow":["GET"]}}],"collection":[{"href":"https:\/\/www.fattoriamose.com\/it\/wp-json\/wp\/v2\/product"}],"about":[{"href":"https:\/\/www.fattoriamose.com\/it\/wp-json\/wp\/v2\/types\/product"}],"wp:featuredmedia":[{"embeddable":true,"href":"https:\/\/www.fattoriamose.com\/it\/wp-json\/wp\/v2\/media\/6083"}],"wp:attachment":[{"href":"https:\/\/www.fattoriamose.com\/it\/wp-json\/wp\/v2\/media?parent=6157"}],"wp:term":[{"taxonomy":"product_cat","embeddable":true,"href":"https:\/\/www.fattoriamose.com\/it\/wp-json\/wp\/v2\/product_cat?post=6157"},{"taxonomy":"product_tag","embeddable":true,"href":"https:\/\/www.fattoriamose.com\/it\/wp-json\/wp\/v2\/product_tag?post=6157"}],"curies":[{"name":"wp","href":"https:\/\/api.w.org\/{rel}","templated":true}]}}